{"id":5794,"date":"2024-08-24T16:58:01","date_gmt":"2024-08-24T16:58:01","guid":{"rendered":"https:\/\/jairol.com\/?page_id=5794"},"modified":"2025-03-12T14:14:24","modified_gmt":"2025-03-12T14:14:24","slug":"privacy-policy","status":"publish","type":"page","link":"https:\/\/jairol.com\/pt\/privacy-policy\/","title":{"rendered":"Pol\u00edtica de privacidade"},"content":{"rendered":"<div data-elementor-type=\"wp-page\" data-elementor-id=\"5794\" class=\"elementor elementor-5794\" data-elementor-post-type=\"page\">\n\t\t\t\t<div class=\"elementor-element elementor-element-77b17f1 e-con-full e-flex elementor-invisible e-con e-parent\" data-id=\"77b17f1\" data-element_type=\"container\" data-e-type=\"container\" data-settings=\"{&quot;background_background&quot;:&quot;classic&quot;,&quot;animation&quot;:&quot;fadeIn&quot;,&quot;animation_delay&quot;:500}\">\n\t\t\t\t<\/div>\n\t\t\t\t<section class=\"elementor-section elementor-top-section elementor-element elementor-element-5ecb753 elementor-section-boxed elementor-section-height-default elementor-section-height-default\" data-id=\"5ecb753\" data-element_type=\"section\" data-e-type=\"section\">\n\t\t\t\t\t\t<div class=\"elementor-container elementor-column-gap-extended\">\n\t\t\t\t\t<div class=\"elementor-column elementor-col-100 elementor-top-column elementor-element elementor-element-9f8381a animated-slow ot-column-items-center ot-flex-column-vertical elementor-invisible\" data-id=\"9f8381a\" data-element_type=\"column\" data-e-type=\"column\" data-settings=\"{&quot;background_background&quot;:&quot;classic&quot;,&quot;animation&quot;:&quot;fadeIn&quot;,&quot;animation_delay&quot;:250}\">\n\t\t\t<div class=\"elementor-widget-wrap elementor-element-populated\">\n\t\t\t\t\t\t<div class=\"elementor-element elementor-element-359a5fe theratio-align-left animated-slow elementor-invisible elementor-widget elementor-widget-iheading\" data-id=\"359a5fe\" data-element_type=\"widget\" data-e-type=\"widget\" data-settings=\"{&quot;_animation&quot;:&quot;fadeIn&quot;,&quot;_animation_delay&quot;:250}\" data-widget_type=\"iheading.default\">\n\t\t\t\t<div class=\"elementor-widget-container\">\n\t\t\t\t\t\t\t<div class=\"ot-heading\">\r\n\t        \t        <h1 class=\"main-heading\">Pol\u00edtica de privacidade<\/h1>\t    <\/div>\r\n\t    \t\t\t\t<\/div>\n\t\t\t\t<\/div>\n\t\t\t\t<div class=\"elementor-element elementor-element-56c029f animated-slow elementor-invisible elementor-widget elementor-widget-text-editor\" data-id=\"56c029f\" data-element_type=\"widget\" data-e-type=\"widget\" data-settings=\"{&quot;_animation&quot;:&quot;fadeIn&quot;,&quot;_animation_delay&quot;:250}\" data-widget_type=\"text-editor.default\">\n\t\t\t\t\t\t\t\t\t<p>\u00daltima atualiza\u00e7\u00e3o: 24-Aug-2024 <br>Data efectiva: 24-Aug-2024<\/p>\n<p>This Privacy Policy describes the policies of Jairol \u2013 Sociedade de Ferragens, Lda, Rua do Metal\u00fargico 1290, \u00c1gueda 3754-909, Portugal, email: info@jairol.com, phone: +351234600790 on the collection, use and disclosure of your information that we collect when you use our website ( https:\/\/jairol.com ). (the \u201cService\u201d). By accessing or using the Service, you are consenting to the collection, use and disclosure of your information in accordance with this Privacy Policy. If you do not consent to the same, please do not access or use the Service. <br>Podemos modificar esta Pol\u00edtica de Privacidade em qualquer altura sem qualquer aviso pr\u00e9vio ao utilizador e publicaremos a Pol\u00edtica de Privacidade revista no Servi\u00e7o. A Pol\u00edtica revista entrar\u00e1 em vigor 180 dias ap\u00f3s a publica\u00e7\u00e3o da Pol\u00edtica revista no Servi\u00e7o e o seu acesso ou utiliza\u00e7\u00e3o continuada do Servi\u00e7o ap\u00f3s esse per\u00edodo constituir\u00e1 a sua aceita\u00e7\u00e3o da Pol\u00edtica de Privacidade revista. Por conseguinte, recomendamos que reveja periodicamente esta p\u00e1gina.<\/p>\n<p><b>Informa\u00e7\u00f5es que recolhemos: <br><\/b>Iremos recolher e processar as seguintes informa\u00e7\u00f5es pessoais sobre o utilizador:<\/p>\n<p>Nome<br>Correio eletr\u00f3nico<\/p>\n<p><b>Como utilizamos as suas informa\u00e7\u00f5es: <br><\/b>Utilizaremos as informa\u00e7\u00f5es que recolhemos sobre o utilizador para os seguintes fins<\/p>\n<p>Marketing\/Promocional<br>Apoio<br>Informa\u00e7\u00f5es administrativas<br>Se pretendermos utilizar as suas informa\u00e7\u00f5es para qualquer outro fim, solicitaremos o seu consentimento e utilizaremos as suas informa\u00e7\u00f5es apenas depois de recebermos o seu consentimento e, em seguida, apenas para o(s) fim(ns) para o(s) qual(is) concedeu o seu consentimento, a menos que sejamos obrigados por lei a fazer o contr\u00e1rio.<\/p>\n<p><b>Reten\u00e7\u00e3o das informa\u00e7\u00f5es do utilizador: <br><\/b>Conservaremos as suas informa\u00e7\u00f5es pessoais durante 90 dias a 2 anos depois de os utilizadores encerrarem as suas contas ou durante o tempo necess\u00e1rio para cumprir os objectivos para os quais foram recolhidas, conforme descrito na presente Pol\u00edtica de Privacidade. Poderemos ter de reter determinadas informa\u00e7\u00f5es durante per\u00edodos mais longos, como a manuten\u00e7\u00e3o de registos\/relat\u00f3rios de acordo com a legisla\u00e7\u00e3o aplic\u00e1vel ou por outros motivos leg\u00edtimos, como a aplica\u00e7\u00e3o de direitos legais, a preven\u00e7\u00e3o de fraudes, etc. As informa\u00e7\u00f5es an\u00f3nimas residuais e as informa\u00e7\u00f5es agregadas, nenhuma das quais o identifica (direta ou indiretamente), podem ser armazenadas indefinidamente.<\/p>\n<p><b>Os seus direitos: <br><\/b>Dependendo da lei aplic\u00e1vel, pode ter o direito de aceder e retificar ou apagar os seus dados pessoais ou receber uma c\u00f3pia dos seus dados pessoais, restringir ou opor-se ao processamento ativo dos seus dados, pedir-nos para partilhar (portar) as suas informa\u00e7\u00f5es pessoais com outra entidade, retirar qualquer consentimento que nos tenha dado para processar os seus dados, o direito de apresentar uma queixa junto de uma autoridade estatut\u00e1ria e outros direitos que possam ser relevantes ao abrigo da legisla\u00e7\u00e3o aplic\u00e1vel. Para exercer estes direitos, pode escrever-nos para info@jairol.com. Responderemos ao seu pedido em conformidade com a legisla\u00e7\u00e3o aplic\u00e1vel. <br>Tenha em aten\u00e7\u00e3o que, se n\u00e3o nos autorizar a recolher ou processar as informa\u00e7\u00f5es pessoais necess\u00e1rias ou se retirar o consentimento para o processamento das mesmas para os fins pretendidos, poder\u00e1 n\u00e3o conseguir aceder ou utilizar os servi\u00e7os para os quais as suas informa\u00e7\u00f5es foram solicitadas.<\/p>\n<p>Cookies Etc. <br>Para saber mais sobre a forma como as utilizamos e as suas escolhas em rela\u00e7\u00e3o a estas tecnologias de rastreio, consulte a nossa Pol\u00edtica de Cookies.<\/p>\n<p><b>Seguran\u00e7a: <br><\/b>A seguran\u00e7a das suas informa\u00e7\u00f5es \u00e9 importante para n\u00f3s e utilizaremos medidas de seguran\u00e7a razo\u00e1veis para evitar a perda, utiliza\u00e7\u00e3o indevida ou altera\u00e7\u00e3o n\u00e3o autorizada das suas informa\u00e7\u00f5es sob o nosso controlo. No entanto, tendo em conta os riscos inerentes, n\u00e3o podemos garantir uma seguran\u00e7a absoluta e, consequentemente, n\u00e3o podemos assegurar ou garantir a seguran\u00e7a de quaisquer informa\u00e7\u00f5es que nos transmita e f\u00e1-lo-\u00e1 por sua conta e risco.<\/p>\n<p><b>Respons\u00e1vel pelas queixas \/ prote\u00e7\u00e3o de dados: <br><\/b>If you have any queries or concerns about the processing of your information that is available with us, you may email our Grievance Officer at Jairol \u2013 Sociedade de Ferragens, Lda, Rua do Metal\u00fargico 1290, email: info@jairol.com. We will address your concerns in accordance with applicable law.<\/p>\t\t\t\t\t\t\t\t<\/div>\n\t\t\t\t\t<\/div>\n\t\t<\/div>\n\t\t\t\t\t<\/div>\n\t\t<\/section>\n\t\t\t\t<\/div>","protected":false},"excerpt":{"rendered":"<p>Privacy Policy Last Updated : 24-Aug-2024 Effective Date : 24-Aug-2024 This Privacy Policy describes the policies of Jairol \u2013 Sociedade de Ferragens, Lda, Rua do Metal\u00fargico 1290, \u00c1gueda 3754-909, Portugal, email: info@jairol.com, phone: +351234600790 on the collection, use and disclosure of your information that we collect when you use our website ( https:\/\/jairol.com ). (the [&hellip;]<\/p>\n","protected":false},"author":1,"featured_media":0,"parent":0,"menu_order":8,"comment_status":"closed","ping_status":"closed","template":"","meta":{"_monsterinsights_skip_tracking":false,"_monsterinsights_sitenote_active":false,"_monsterinsights_sitenote_note":"","_monsterinsights_sitenote_category":0,"footnotes":""},"class_list":["post-5794","page","type-page","status-publish","hentry"],"aioseo_notices":[],"_links":{"self":[{"href":"https:\/\/jairol.com\/pt\/wp-json\/wp\/v2\/pages\/5794","targetHints":{"allow":["GET"]}}],"collection":[{"href":"https:\/\/jairol.com\/pt\/wp-json\/wp\/v2\/pages"}],"about":[{"href":"https:\/\/jairol.com\/pt\/wp-json\/wp\/v2\/types\/page"}],"author":[{"embeddable":true,"href":"https:\/\/jairol.com\/pt\/wp-json\/wp\/v2\/users\/1"}],"replies":[{"embeddable":true,"href":"https:\/\/jairol.com\/pt\/wp-json\/wp\/v2\/comments?post=5794"}],"version-history":[{"count":0,"href":"https:\/\/jairol.com\/pt\/wp-json\/wp\/v2\/pages\/5794\/revisions"}],"wp:attachment":[{"href":"https:\/\/jairol.com\/pt\/wp-json\/wp\/v2\/media?parent=5794"}],"curies":[{"name":"wp","href":"https:\/\/api.w.org\/{rel}","templated":true}]}}