{"id":4124,"date":"2024-08-17T23:53:53","date_gmt":"2024-08-17T23:53:53","guid":{"rendered":"https:\/\/jairol.com\/?page_id=4124"},"modified":"2025-04-07T14:00:15","modified_gmt":"2025-04-07T14:00:15","slug":"jairol","status":"publish","type":"page","link":"https:\/\/jairol.com\/it\/","title":{"rendered":"Jairol"},"content":{"rendered":"<div data-elementor-type=\"wp-page\" data-elementor-id=\"4124\" class=\"elementor elementor-4124\" data-elementor-post-type=\"page\">\n\t\t\t\t\t\t<section class=\"elementor-section elementor-top-section elementor-element elementor-element-135ab7e elementor-section-height-full elementor-section-boxed elementor-section-height-default elementor-section-items-middle elementor-invisible\" data-id=\"135ab7e\" data-element_type=\"section\" data-e-type=\"section\" data-settings=\"{&quot;background_background&quot;:&quot;classic&quot;,&quot;animation&quot;:&quot;fadeIn&quot;}\">\n\t\t\t\t\t\t\t<div class=\"elementor-background-overlay\"><\/div>\n\t\t\t\t\t\t\t<div class=\"elementor-container elementor-column-gap-default\">\n\t\t\t\t\t<div class=\"elementor-column elementor-col-100 elementor-top-column elementor-element elementor-element-6d511ec animated-slow ot-flex-column-vertical\" data-id=\"6d511ec\" data-element_type=\"column\" data-e-type=\"column\" data-settings=\"{&quot;animation&quot;:&quot;none&quot;,&quot;animation_delay&quot;:250}\">\n\t\t\t<div class=\"elementor-widget-wrap elementor-element-populated\">\n\t\t\t\t\t\t<div class=\"elementor-element elementor-element-45bf743 animated-slow elementor-invisible elementor-widget elementor-widget-image\" data-id=\"45bf743\" data-element_type=\"widget\" data-e-type=\"widget\" data-settings=\"{&quot;_animation&quot;:&quot;fadeIn&quot;}\" data-widget_type=\"image.default\">\n\t\t\t\t\t\t\t\t\t\t\t\t\t\t\t\t<a href=\"\">\n\t\t\t\t\t\t\t<img fetchpriority=\"high\" decoding=\"async\" width=\"606\" height=\"842\" src=\"https:\/\/jairol.com\/wp-content\/uploads\/2020\/07\/IALP-JAIROL-LOGO-2024.webp\" class=\"attachment-large size-large wp-image-9168\" alt=\"\" srcset=\"https:\/\/jairol.com\/wp-content\/uploads\/2020\/07\/IALP-JAIROL-LOGO-2024.webp 606w, https:\/\/jairol.com\/wp-content\/uploads\/2020\/07\/IALP-JAIROL-LOGO-2024-216x300.webp 216w, https:\/\/jairol.com\/wp-content\/uploads\/2020\/07\/IALP-JAIROL-LOGO-2024-9x12.webp 9w, https:\/\/jairol.com\/wp-content\/uploads\/2020\/07\/IALP-JAIROL-LOGO-2024-600x834.webp 600w\" sizes=\"(max-width: 606px) 100vw, 606px\" \/>\t\t\t\t\t\t\t\t<\/a>\n\t\t\t\t\t\t\t\t\t\t\t\t\t\t\t<\/div>\n\t\t\t\t\t<\/div>\n\t\t<\/div>\n\t\t\t\t\t<\/div>\n\t\t<\/section>\n\t\t\t\t<section class=\"elementor-section elementor-top-section elementor-element elementor-element-357a01e elementor-section-boxed elementor-section-height-default elementor-section-height-default\" data-id=\"357a01e\" data-element_type=\"section\" data-e-type=\"section\" data-settings=\"{&quot;background_background&quot;:&quot;classic&quot;}\">\n\t\t\t\t\t\t<div class=\"elementor-container elementor-column-gap-default\">\n\t\t\t\t\t<div class=\"elementor-column elementor-col-100 elementor-top-column elementor-element elementor-element-cf20f7a ot-column-items-center ot-flex-column-vertical\" data-id=\"cf20f7a\" data-element_type=\"column\" data-e-type=\"column\">\n\t\t\t<div class=\"elementor-widget-wrap elementor-element-populated\">\n\t\t\t\t\t\t<div class=\"elementor-element elementor-element-587aed4 theratio-align-center animated-slow elementor-invisible elementor-widget elementor-widget-iheading\" data-id=\"587aed4\" data-element_type=\"widget\" data-e-type=\"widget\" data-settings=\"{&quot;_animation&quot;:&quot;fadeIn&quot;,&quot;_animation_delay&quot;:250}\" data-widget_type=\"iheading.default\">\n\t\t\t\t<div class=\"elementor-widget-container\">\n\t\t\t\t\t\t\t<div class=\"ot-heading\">\r\n\t        \t        <h1 class=\"main-heading\">Benvenuti a JAIROL<\/h1>\t    <\/div>\r\n\t    \t\t\t\t<\/div>\n\t\t\t\t<\/div>\n\t\t\t\t<div class=\"elementor-element elementor-element-f8daecf animated-slow elementor-invisible elementor-widget elementor-widget-text-editor\" data-id=\"f8daecf\" data-element_type=\"widget\" data-e-type=\"widget\" data-settings=\"{&quot;_animation&quot;:&quot;fadeIn&quot;,&quot;_animation_delay&quot;:250}\" data-widget_type=\"text-editor.default\">\n\t\t\t\t\t\t\t\t\t<p>Con oltre mezzo secolo di eccellenza nel settore industriale, Jairol \u00e8 un rinomato produttore di ZAMACK per la pressofusione, lo stampaggio, la rettifica e la lucidatura, la galvanica, la verniciatura epossidica e la verniciatura (liquida o in polvere).<\/p><p>Jairol sta attraversando un'entusiasmante fase di modernizzazione sotto una nuova gestione. Con l'integrazione di nuovi membri del team e una nuova prospettiva, puntiamo a raggiungere livelli ancora pi\u00f9 alti, mantenendo l'eccezionale qualit\u00e0 che ci ha sempre contraddistinto. Con l'introduzione di una nuova linea nella nostra sezione galvanica, siamo pronti a portare i nostri prodotti a un livello ancora pi\u00f9 alto.<\/p><p>Oltre a migliorare i processi esistenti, ci impegniamo a innovare e ampliare la nostra gamma di prodotti, in particolare quelli destinati al mercato del lusso. La nostra produzione \u00e8 interamente interna, per garantire la massima qualit\u00e0 in ogni fase del processo di produzione e controllo qualit\u00e0.<\/p><p>Our mission is not only to maintain Jairol\u2019s tradition of excellence, but also to open up new horizons and set new standards of quality and innovation in the industry.<\/p><p>Esplorate il nostro sito per saperne di pi\u00f9 sui nostri servizi e su come possiamo lavorare insieme per trasformare le vostre idee in realt\u00e0.<\/p>\t\t\t\t\t\t\t\t<\/div>\n\t\t\t\t\t<\/div>\n\t\t<\/div>\n\t\t\t\t\t<\/div>\n\t\t<\/section>\n\t\t\t\t<section class=\"elementor-section elementor-top-section elementor-element elementor-element-2c84f8e elementor-section-boxed elementor-section-height-default elementor-section-height-default\" data-id=\"2c84f8e\" data-element_type=\"section\" data-e-type=\"section\" data-settings=\"{&quot;background_background&quot;:&quot;classic&quot;}\">\n\t\t\t\t\t\t<div class=\"elementor-container elementor-column-gap-default\">\n\t\t\t\t\t<div class=\"elementor-column elementor-col-100 elementor-top-column elementor-element elementor-element-3040f27 ot-column-items-center ot-flex-column-vertical\" data-id=\"3040f27\" data-element_type=\"column\" data-e-type=\"column\">\n\t\t\t<div class=\"elementor-widget-wrap elementor-element-populated\">\n\t\t\t\t\t\t<div class=\"elementor-element elementor-element-e7aa0b9 elementor-widget elementor-widget-video\" data-id=\"e7aa0b9\" data-element_type=\"widget\" data-e-type=\"widget\" data-settings=\"{&quot;video_type&quot;:&quot;hosted&quot;,&quot;autoplay&quot;:&quot;yes&quot;,&quot;play_on_mobile&quot;:&quot;yes&quot;,&quot;loop&quot;:&quot;yes&quot;,&quot;mute&quot;:&quot;yes&quot;,&quot;controls&quot;:&quot;yes&quot;}\" data-widget_type=\"video.default\">\n\t\t\t\t\t\t\t<div class=\"e-hosted-video elementor-wrapper elementor-open-inline\">\n\t\t\t\t\t<video class=\"elementor-video\" src=\"https:\/\/jairol.com\/wp-content\/uploads\/2025\/01\/IALP-JAIROL-VIDEO-JANEIRO-2025-V1.mp4\" autoplay=\"\" loop=\"\" controls=\"\" muted=\"muted\" playsinline=\"\" controlslist=\"nodownload\"><\/video>\n\t\t\t\t<\/div>\n\t\t\t\t\t\t<\/div>\n\t\t\t\t\t<\/div>\n\t\t<\/div>\n\t\t\t\t\t<\/div>\n\t\t<\/section>\n\t\t\t\t<section class=\"elementor-section elementor-top-section elementor-element elementor-element-7ea4ded elementor-hidden-desktop elementor-hidden-tablet elementor-hidden-mobile elementor-section-boxed elementor-section-height-default elementor-section-height-default\" data-id=\"7ea4ded\" data-element_type=\"section\" data-e-type=\"section\" data-settings=\"{&quot;background_background&quot;:&quot;classic&quot;}\">\n\t\t\t\t\t\t<div class=\"elementor-container elementor-column-gap-default\">\n\t\t\t\t\t<div class=\"elementor-column elementor-col-50 elementor-top-column elementor-element elementor-element-1c55b2e ot-column-items-center ot-flex-column-vertical\" data-id=\"1c55b2e\" data-element_type=\"column\" data-e-type=\"column\">\n\t\t\t<div class=\"elementor-widget-wrap elementor-element-populated\">\n\t\t\t\t\t\t<div class=\"elementor-element elementor-element-05b2dec theratio-align-center animated-slow elementor-invisible elementor-widget elementor-widget-iheading\" data-id=\"05b2dec\" data-element_type=\"widget\" data-e-type=\"widget\" data-settings=\"{&quot;_animation&quot;:&quot;fadeIn&quot;,&quot;_animation_delay&quot;:250}\" data-widget_type=\"iheading.default\">\n\t\t\t\t<div class=\"elementor-widget-container\">\n\t\t\t\t\t\t\t<div class=\"ot-heading\">\r\n\t        \t        <h1 class=\"main-heading\">Benvenuti a JAIROL<\/h1>\t    <\/div>\r\n\t    \t\t\t\t<\/div>\n\t\t\t\t<\/div>\n\t\t\t\t<div class=\"elementor-element elementor-element-c2946fb animated-slow elementor-invisible elementor-widget elementor-widget-text-editor\" data-id=\"c2946fb\" data-element_type=\"widget\" data-e-type=\"widget\" data-settings=\"{&quot;_animation&quot;:&quot;fadeIn&quot;,&quot;_animation_delay&quot;:250}\" data-widget_type=\"text-editor.default\">\n\t\t\t\t\t\t\t\t\t<p>Con oltre mezzo secolo di eccellenza nel settore industriale, Jairol \u00e8 un rinomato produttore di ZAMACK 5 per la pressofusione, lo stampaggio, la rettifica e la lucidatura, la galvanica, la verniciatura epossidica e la verniciatura (liquida o in polvere).<\/p>\n<p>Jairol sta attraversando un'entusiasmante fase di modernizzazione sotto una nuova gestione. Questa nuova era \u00e8 caratterizzata da un rinnovato impegno verso l'eccezionale qualit\u00e0 che ha sempre contraddistinto la nostra azienda. Con l'introduzione di una nuova linea di nichel nella nostra sezione galvanica, siamo pronti a elevare ulteriormente lo standard dei nostri prodotti.<\/p>\n<p>Oltre a migliorare i processi esistenti, ci impegniamo a innovare e ampliare la nostra gamma di prodotti, in particolare quelli destinati al mercato del lusso. La nostra produzione \u00e8 interamente interna, per garantire la massima qualit\u00e0 in ogni fase del processo di produzione e controllo qualit\u00e0.<\/p>\n<p>Our mission is not only to maintain Jairol\u2019s tradition of excellence, but also to open up new horizons and set new standards of quality and innovation in the industry.<\/p>\n<p>Esplorate il nostro sito per saperne di pi\u00f9 sui nostri servizi e su come possiamo lavorare insieme per trasformare le vostre idee in realt\u00e0.<\/p>\t\t\t\t\t\t\t\t<\/div>\n\t\t\t\t\t<\/div>\n\t\t<\/div>\n\t\t\t\t<div class=\"elementor-column elementor-col-50 elementor-top-column elementor-element elementor-element-558ea52 ot-column-items-center animated-slow ot-flex-column-vertical\" data-id=\"558ea52\" data-element_type=\"column\" data-e-type=\"column\" data-settings=\"{&quot;animation&quot;:&quot;none&quot;}\">\n\t\t\t<div class=\"elementor-widget-wrap elementor-element-populated\">\n\t\t\t\t\t\t<div class=\"elementor-element elementor-element-7c2defd animated-slow elementor-invisible elementor-widget elementor-widget-image\" data-id=\"7c2defd\" data-element_type=\"widget\" data-e-type=\"widget\" data-settings=\"{&quot;_animation&quot;:&quot;fadeIn&quot;,&quot;_animation_delay&quot;:250}\" data-widget_type=\"image.default\">\n\t\t\t\t\t\t\t\t\t\t\t\t\t\t\t<img decoding=\"async\" src=\"https:\/\/jairol.com\/wp-content\/uploads\/2024\/08\/IALP-JAIROL-PUXADORES-DE-BOLA-01-1.png\" title=\"\" alt=\"\" loading=\"lazy\" \/>\t\t\t\t\t\t\t\t\t\t\t\t\t\t\t<\/div>\n\t\t\t\t<div class=\"elementor-element elementor-element-e8c1358 animated-slow elementor-invisible elementor-widget elementor-widget-image\" data-id=\"e8c1358\" data-element_type=\"widget\" data-e-type=\"widget\" data-settings=\"{&quot;_animation&quot;:&quot;fadeIn&quot;,&quot;_animation_delay&quot;:250}\" data-widget_type=\"image.default\">\n\t\t\t\t\t\t\t\t\t\t\t\t\t\t\t<img decoding=\"async\" src=\"https:\/\/jairol.com\/wp-content\/uploads\/2024\/08\/IALP-JAIROL-FOTOS-EDITADAS-180824-V1-02.png\" title=\"\" alt=\"\" loading=\"lazy\" \/>\t\t\t\t\t\t\t\t\t\t\t\t\t\t\t<\/div>\n\t\t\t\t<div class=\"elementor-element elementor-element-6bb275f animated-slow elementor-invisible elementor-widget elementor-widget-image\" data-id=\"6bb275f\" data-element_type=\"widget\" data-e-type=\"widget\" data-settings=\"{&quot;_animation&quot;:&quot;fadeIn&quot;,&quot;_animation_delay&quot;:250}\" data-widget_type=\"image.default\">\n\t\t\t\t\t\t\t\t\t\t\t\t\t\t\t<img decoding=\"async\" src=\"https:\/\/jairol.com\/wp-content\/uploads\/2024\/08\/IALP-JAIROL-CREMONES-01.png\" title=\"\" alt=\"\" loading=\"lazy\" \/>\t\t\t\t\t\t\t\t\t\t\t\t\t\t\t<\/div>\n\t\t\t\t\t<\/div>\n\t\t<\/div>\n\t\t\t\t\t<\/div>\n\t\t<\/section>\n\t\t<div class=\"elementor-element elementor-element-9542507 e-flex e-con-boxed e-con e-parent\" data-id=\"9542507\" data-element_type=\"container\" data-e-type=\"container\" data-settings=\"{&quot;background_background&quot;:&quot;classic&quot;}\">\n\t\t\t\t\t<div class=\"e-con-inner\">\n\t\t\t\t<div class=\"elementor-element elementor-element-bf5c279 elementor-align-center animated-slow elementor-invisible elementor-widget elementor-widget-button\" data-id=\"bf5c279\" data-element_type=\"widget\" data-e-type=\"widget\" data-settings=\"{&quot;_animation&quot;:&quot;fadeIn&quot;,&quot;_animation_delay&quot;:250}\" data-widget_type=\"button.default\">\n\t\t\t\t\t\t\t\t\t\t<a class=\"elementor-button elementor-button-link elementor-size-md\" href=\"https:\/\/jairol.com\/it\/contacts\/\">\n\t\t\t\t\t\t<span class=\"elementor-button-content-wrapper\">\n\t\t\t\t\t\t\t\t\t<span class=\"elementor-button-text\">Contatto<\/span>\n\t\t\t\t\t<\/span>\n\t\t\t\t\t<\/a>\n\t\t\t\t\t\t\t\t<\/div>\n\t\t\t\t\t<\/div>\n\t\t\t\t<\/div>\n\t\t\t\t<section class=\"elementor-section elementor-top-section elementor-element elementor-element-c6c5a51 elementor-hidden-desktop elementor-hidden-tablet elementor-hidden-mobile elementor-section-boxed elementor-section-height-default elementor-section-height-default\" data-id=\"c6c5a51\" data-element_type=\"section\" data-e-type=\"section\">\n\t\t\t\t\t\t<div class=\"elementor-container elementor-column-gap-default\">\n\t\t\t\t\t<div class=\"elementor-column elementor-col-100 elementor-top-column elementor-element elementor-element-e2ce72f ot-column-items-center animated-slow elementor-hidden-desktop elementor-hidden-tablet elementor-hidden-mobile ot-flex-column-vertical\" data-id=\"e2ce72f\" data-element_type=\"column\" data-e-type=\"column\" data-settings=\"{&quot;animation&quot;:&quot;none&quot;}\">\n\t\t\t<div class=\"elementor-widget-wrap elementor-element-populated\">\n\t\t\t\t\t\t<div class=\"elementor-element elementor-element-f2eeba9 elementor-widget elementor-widget-video\" data-id=\"f2eeba9\" data-element_type=\"widget\" data-e-type=\"widget\" data-settings=\"{&quot;video_type&quot;:&quot;hosted&quot;,&quot;autoplay&quot;:&quot;yes&quot;,&quot;play_on_mobile&quot;:&quot;yes&quot;,&quot;loop&quot;:&quot;yes&quot;,&quot;mute&quot;:&quot;yes&quot;}\" data-widget_type=\"video.default\">\n\t\t\t\t\t\t\t<div class=\"e-hosted-video elementor-wrapper elementor-open-inline\">\n\t\t\t\t\t<video class=\"elementor-video\" src=\"https:\/\/jairol.com\/wp-content\/uploads\/2024\/08\/IALP-Communication-Jairol-2024.mp4\" autoplay=\"\" loop=\"\" muted=\"muted\" playsinline=\"\" controlslist=\"nodownload\"><\/video>\n\t\t\t\t<\/div>\n\t\t\t\t\t\t<\/div>\n\t\t\t\t\t<\/div>\n\t\t<\/div>\n\t\t\t\t\t<\/div>\n\t\t<\/section>\n\t\t\t\t<\/div>","protected":false},"excerpt":{"rendered":"<p>Welcome to JAIROL\u200b With over half a century of excellence in the industrial sector, Jairol is a renowned producer of ZAMACK die-casting, stamping, grinding and polishing, electroplating, epoxy painting and varnishing (liquid or powder). Jairol is currently undergoing an exciting phase of modernization under new management. With the integration of new team members and a [&hellip;]<\/p>\n","protected":false},"author":1,"featured_media":0,"parent":0,"menu_order":1,"comment_status":"closed","ping_status":"closed","template":"","meta":{"_monsterinsights_skip_tracking":false,"_monsterinsights_sitenote_active":false,"_monsterinsights_sitenote_note":"","_monsterinsights_sitenote_category":0,"footnotes":""},"class_list":["post-4124","page","type-page","status-publish","hentry"],"aioseo_notices":[],"_links":{"self":[{"href":"https:\/\/jairol.com\/it\/wp-json\/wp\/v2\/pages\/4124","targetHints":{"allow":["GET"]}}],"collection":[{"href":"https:\/\/jairol.com\/it\/wp-json\/wp\/v2\/pages"}],"about":[{"href":"https:\/\/jairol.com\/it\/wp-json\/wp\/v2\/types\/page"}],"author":[{"embeddable":true,"href":"https:\/\/jairol.com\/it\/wp-json\/wp\/v2\/users\/1"}],"replies":[{"embeddable":true,"href":"https:\/\/jairol.com\/it\/wp-json\/wp\/v2\/comments?post=4124"}],"version-history":[{"count":0,"href":"https:\/\/jairol.com\/it\/wp-json\/wp\/v2\/pages\/4124\/revisions"}],"wp:attachment":[{"href":"https:\/\/jairol.com\/it\/wp-json\/wp\/v2\/media?parent=4124"}],"curies":[{"name":"wp","href":"https:\/\/api.w.org\/{rel}","templated":true}]}}